{"id":11798,"date":"2025-11-07T11:39:18","date_gmt":"2025-11-07T10:39:18","guid":{"rendered":"https:\/\/www.handioasis.com\/?post_type=product&#038;p=11798"},"modified":"2025-11-12T12:37:33","modified_gmt":"2025-11-12T11:37:33","slug":"huile-a-barbe-a-lhuile-de-ricin-et-de-jojoba","status":"publish","type":"product","link":"https:\/\/www.handioasis.com\/en\/produit\/huile-a-barbe-a-lhuile-de-ricin-et-de-jojoba\/","title":{"rendered":"Huile a barbe \u00e0 l&#8217;huile de ricin et de Jojoba"},"content":{"rendered":"<p>Huile \u00e0 barbe \u00e0 l&#8217;huile de ricin et de jojoba 50ml.<\/p>\n<p>98% d&#8217;ingr\u00e9dients d&#8217;origine naturelle.<\/p>\n<p>Ce traitement de renaissance capillaire \u00e0 base d&#8217;huile de ricin et d&#8217;huile de jojoba, stimule le cuir chevelu et fortifie le bulbe pileux, ce qui permet de favoriser sa croissance. Il est formul\u00e9\u00a0 pour la barbe clairsem\u00e9e et la chute install\u00e9e.<\/p>\n<p><strong>Mode d&#8217;emploi<\/strong> : D\u00e9poser quelques gouttes d&#8217;huile dans la paume de la main. Chauffer l&#8217;huile entre les mains. Masser l&#8217;huile dans la peau et la barge en dessous. Peigner la barbe pour r\u00e9partir l&#8217;huile uniform\u00e9ment.<\/p>\n","protected":false},"excerpt":{"rendered":"<p>Huile \u00e0 barbe \u00e0 l&#8217;huile de ricin et de jojoba 50ml.<\/p>\n<p>98% d&#8217;ingr\u00e9dients d&#8217;origine naturelle.<\/p>\n<p>Ce traitement de renaissance capillaire \u00e0 base d&#8217;huile de ricin et d&#8217;huile de jojoba, stimule le cuir chevelu et fortifie le bulbe pileux, ce qui permet de favoriser sa croissance. Il est formul\u00e9\u00a0 pour la barbe clairsem\u00e9e et la chute install\u00e9e.<\/p>\n","protected":false},"featured_media":11829,"template":"","meta":[],"product_brand":[],"product_cat":[191,192,193],"product_tag":[],"class_list":{"0":"post-11798","1":"product","2":"type-product","3":"status-publish","4":"has-post-thumbnail","6":"product_cat-barbe","7":"product_cat-homme","8":"product_cat-visage","10":"first","11":"instock","12":"taxable","13":"shipping-taxable","14":"purchasable","15":"product-type-simple"},"aioseo_notices":[],"_links":{"self":[{"href":"https:\/\/www.handioasis.com\/en\/wp-json\/wp\/v2\/product\/11798","targetHints":{"allow":["GET"]}}],"collection":[{"href":"https:\/\/www.handioasis.com\/en\/wp-json\/wp\/v2\/product"}],"about":[{"href":"https:\/\/www.handioasis.com\/en\/wp-json\/wp\/v2\/types\/product"}],"wp:featuredmedia":[{"embeddable":true,"href":"https:\/\/www.handioasis.com\/en\/wp-json\/wp\/v2\/media\/11829"}],"wp:attachment":[{"href":"https:\/\/www.handioasis.com\/en\/wp-json\/wp\/v2\/media?parent=11798"}],"wp:term":[{"taxonomy":"product_brand","embeddable":true,"href":"https:\/\/www.handioasis.com\/en\/wp-json\/wp\/v2\/product_brand?post=11798"},{"taxonomy":"product_cat","embeddable":true,"href":"https:\/\/www.handioasis.com\/en\/wp-json\/wp\/v2\/product_cat?post=11798"},{"taxonomy":"product_tag","embeddable":true,"href":"https:\/\/www.handioasis.com\/en\/wp-json\/wp\/v2\/product_tag?post=11798"}],"curies":[{"name":"wp","href":"https:\/\/api.w.org\/{rel}","templated":true}]}}