{"id":11799,"date":"2025-11-07T11:39:19","date_gmt":"2025-11-07T10:39:19","guid":{"rendered":"https:\/\/www.handioasis.com\/?post_type=product&#038;p=11799"},"modified":"2025-11-12T12:38:01","modified_gmt":"2025-11-12T11:38:01","slug":"gel-nettoyant-visage-purifiant-parfum-musc-200ml","status":"publish","type":"product","link":"https:\/\/www.handioasis.com\/en\/produit\/gel-nettoyant-visage-purifiant-parfum-musc-200ml\/","title":{"rendered":"Gel nettoyant visage purifiant parfum Musc 200ml"},"content":{"rendered":"<p>Gel nettoyant visage purifiant parfum musc 200ml<\/p>\n<p>Le gel nettoyant visage purifiant qui \u00e9limine les impuret\u00e9s l&#8217;exc\u00e8s de s\u00e9bum et le maquillage tout en laissant la peau propre fraiche et hydrat\u00e9e.<\/p>\n<p><strong>Mode d&#8217;emploi<\/strong> : Appliquer une petite quantit\u00e9 de gel nettoyant sur le visage humide. Masser d\u00e9licatement en mouvements circulaires, rincer abondamment \u00e0 l&#8217;eau clair. utiliser matin et soir.<\/p>\n","protected":false},"excerpt":{"rendered":"<p>Gel nettoyant visage purifiant parfum musc 200ml<\/p>\n<p>Le gel nettoyant visage purifiant qui \u00e9limine les impuret\u00e9s l&#8217;exc\u00e8s de s\u00e9bum et le maquillage tout en laissant la peau propre fraiche et hydrat\u00e9e.<\/p>\n","protected":false},"featured_media":11831,"template":"","meta":[],"product_brand":[],"product_cat":[193],"product_tag":[],"class_list":{"0":"post-11799","1":"product","2":"type-product","3":"status-publish","4":"has-post-thumbnail","6":"product_cat-visage","8":"first","9":"instock","10":"taxable","11":"shipping-taxable","12":"purchasable","13":"product-type-simple"},"aioseo_notices":[],"_links":{"self":[{"href":"https:\/\/www.handioasis.com\/en\/wp-json\/wp\/v2\/product\/11799","targetHints":{"allow":["GET"]}}],"collection":[{"href":"https:\/\/www.handioasis.com\/en\/wp-json\/wp\/v2\/product"}],"about":[{"href":"https:\/\/www.handioasis.com\/en\/wp-json\/wp\/v2\/types\/product"}],"wp:featuredmedia":[{"embeddable":true,"href":"https:\/\/www.handioasis.com\/en\/wp-json\/wp\/v2\/media\/11831"}],"wp:attachment":[{"href":"https:\/\/www.handioasis.com\/en\/wp-json\/wp\/v2\/media?parent=11799"}],"wp:term":[{"taxonomy":"product_brand","embeddable":true,"href":"https:\/\/www.handioasis.com\/en\/wp-json\/wp\/v2\/product_brand?post=11799"},{"taxonomy":"product_cat","embeddable":true,"href":"https:\/\/www.handioasis.com\/en\/wp-json\/wp\/v2\/product_cat?post=11799"},{"taxonomy":"product_tag","embeddable":true,"href":"https:\/\/www.handioasis.com\/en\/wp-json\/wp\/v2\/product_tag?post=11799"}],"curies":[{"name":"wp","href":"https:\/\/api.w.org\/{rel}","templated":true}]}}