{"id":11802,"date":"2025-11-07T11:39:20","date_gmt":"2025-11-07T10:39:20","guid":{"rendered":"https:\/\/www.handioasis.com\/?post_type=product&#038;p=11802"},"modified":"2025-11-12T12:42:51","modified_gmt":"2025-11-12T11:42:51","slug":"gel-douche-a-lhuile-dargan-parfum-ambre-musc-200ml","status":"publish","type":"product","link":"https:\/\/www.handioasis.com\/en\/produit\/gel-douche-a-lhuile-dargan-parfum-ambre-musc-200ml\/","title":{"rendered":"Gel douche \u00e0 l&#8217;huile d&#8217;argan parfum Ambre Musc 200ml"},"content":{"rendered":"<p>Gel douche \u00e0 l&#8217;huile d&#8217;argan parfum ambre musc 200ml<\/p>\n<p>98% d&#8217;ingr\u00e9dients d&#8217;origine naturelle.<\/p>\n<p>Ce gel douche onctueux et nourrissant est enrichi en huile d&#8217;argan, connue pour ses propri\u00e9t\u00e9s hydratantes et revitalisantes. Il nettoie en douceur en douceur la peau tout en la laissant douce, souple et d\u00e9licatement parfum\u00e9e.<\/p>\n<p><strong>Mode d&#8217;emploi<\/strong> : Appliquer sur peau mouill\u00e9e, masser d\u00e9licatement puis rincer abondamment.<\/p>\n<p>Le parfum musc laisse sur la peau un doux parfum bois\u00e9 aux notes de miel.<\/p>\n","protected":false},"excerpt":{"rendered":"<p>Gel douche \u00e0 l&#8217;huile d&#8217;argan parfum ambre musc 200ml<\/p>\n<p>Ce gel douche onctueux et nourrissant est enrichi en huile d&#8217;argan, connue pour ses propri\u00e9t\u00e9s hydratantes et revitalisantes. Il nettoie en douceur en douceur la peau tout en la laissant douce, souple et d\u00e9licatement parfum\u00e9e.<\/p>\n","protected":false},"featured_media":11837,"template":"","meta":[],"product_brand":[],"product_cat":[197,192,196],"product_tag":[],"class_list":{"0":"post-11802","1":"product","2":"type-product","3":"status-publish","4":"has-post-thumbnail","6":"product_cat-corps","7":"product_cat-homme","8":"product_cat-soin-lavant","10":"first","11":"instock","12":"taxable","13":"shipping-taxable","14":"purchasable","15":"product-type-simple"},"aioseo_notices":[],"_links":{"self":[{"href":"https:\/\/www.handioasis.com\/en\/wp-json\/wp\/v2\/product\/11802","targetHints":{"allow":["GET"]}}],"collection":[{"href":"https:\/\/www.handioasis.com\/en\/wp-json\/wp\/v2\/product"}],"about":[{"href":"https:\/\/www.handioasis.com\/en\/wp-json\/wp\/v2\/types\/product"}],"wp:featuredmedia":[{"embeddable":true,"href":"https:\/\/www.handioasis.com\/en\/wp-json\/wp\/v2\/media\/11837"}],"wp:attachment":[{"href":"https:\/\/www.handioasis.com\/en\/wp-json\/wp\/v2\/media?parent=11802"}],"wp:term":[{"taxonomy":"product_brand","embeddable":true,"href":"https:\/\/www.handioasis.com\/en\/wp-json\/wp\/v2\/product_brand?post=11802"},{"taxonomy":"product_cat","embeddable":true,"href":"https:\/\/www.handioasis.com\/en\/wp-json\/wp\/v2\/product_cat?post=11802"},{"taxonomy":"product_tag","embeddable":true,"href":"https:\/\/www.handioasis.com\/en\/wp-json\/wp\/v2\/product_tag?post=11802"}],"curies":[{"name":"wp","href":"https:\/\/api.w.org\/{rel}","templated":true}]}}