{"id":11804,"date":"2025-11-07T11:39:21","date_gmt":"2025-11-07T10:39:21","guid":{"rendered":"https:\/\/www.handioasis.com\/?post_type=product&#038;p=11804"},"modified":"2025-11-12T12:39:23","modified_gmt":"2025-11-12T11:39:23","slug":"lait-corporel-argan-ambre-musk-200ml","status":"publish","type":"product","link":"https:\/\/www.handioasis.com\/en\/produit\/lait-corporel-argan-ambre-musk-200ml\/","title":{"rendered":"Lait corporel Argan Ambre Musk 200ml"},"content":{"rendered":"<p>Lait corporel Argan Ambre Musk 200ml<\/p>\n<p>Le lait corporel \u00e0 l&#8217;huile d&#8217;argan est un soin hydratant et nourrissant pour le corps, enrichi \u00e0 l&#8217;huile d&#8217;argan pure. Il est con\u00e7u pour tous les types de peau, m\u00eame les peaux sensibles.\u00a0 Le doux parfum subtile de l&#8217;ambre musk convient particuli\u00e8rement aux hommes \u00e0 la recherche d&#8217;un parfum bois\u00e9e aux notes de miel.<\/p>\n","protected":false},"excerpt":{"rendered":"<p>Lait corporel Argan Ambre Musk 200ml Le lait corporel \u00e0 l&#8217;huile d&#8217;argan est un soin hydratant et nourrissant pour le corps, enrichi \u00e0 l&#8217;huile d&#8217;argan pure. Il est con\u00e7u pour tous les types de peau, m\u00eame les peaux sensibles.\u00a0 Le [&hellip;]<\/p>\n","protected":false},"featured_media":11841,"template":"","meta":[],"product_brand":[],"product_cat":[197,192],"product_tag":[],"class_list":{"0":"post-11804","1":"product","2":"type-product","3":"status-publish","4":"has-post-thumbnail","6":"product_cat-corps","7":"product_cat-homme","9":"first","10":"instock","11":"taxable","12":"shipping-taxable","13":"purchasable","14":"product-type-simple"},"aioseo_notices":[],"_links":{"self":[{"href":"https:\/\/www.handioasis.com\/en\/wp-json\/wp\/v2\/product\/11804","targetHints":{"allow":["GET"]}}],"collection":[{"href":"https:\/\/www.handioasis.com\/en\/wp-json\/wp\/v2\/product"}],"about":[{"href":"https:\/\/www.handioasis.com\/en\/wp-json\/wp\/v2\/types\/product"}],"wp:featuredmedia":[{"embeddable":true,"href":"https:\/\/www.handioasis.com\/en\/wp-json\/wp\/v2\/media\/11841"}],"wp:attachment":[{"href":"https:\/\/www.handioasis.com\/en\/wp-json\/wp\/v2\/media?parent=11804"}],"wp:term":[{"taxonomy":"product_brand","embeddable":true,"href":"https:\/\/www.handioasis.com\/en\/wp-json\/wp\/v2\/product_brand?post=11804"},{"taxonomy":"product_cat","embeddable":true,"href":"https:\/\/www.handioasis.com\/en\/wp-json\/wp\/v2\/product_cat?post=11804"},{"taxonomy":"product_tag","embeddable":true,"href":"https:\/\/www.handioasis.com\/en\/wp-json\/wp\/v2\/product_tag?post=11804"}],"curies":[{"name":"wp","href":"https:\/\/api.w.org\/{rel}","templated":true}]}}