{"id":11805,"date":"2025-11-07T11:39:21","date_gmt":"2025-11-07T10:39:21","guid":{"rendered":"https:\/\/www.handioasis.com\/?post_type=product&#038;p=11805"},"modified":"2025-11-12T12:33:40","modified_gmt":"2025-11-12T11:33:40","slug":"shampoing-huile-dargan-parfum-fleur-doranger-200ml","status":"publish","type":"product","link":"https:\/\/www.handioasis.com\/en\/produit\/shampoing-huile-dargan-parfum-fleur-doranger-200ml\/","title":{"rendered":"Shampoing Huile d&#8217;argan parfum Fleur d&#8217;oranger 200ml"},"content":{"rendered":"<p>Shampoing \u00e0 l&#8217;huile d&#8217;Argan parfum\u00e9 \u00e0 la fleur d&#8217;oranger 200ml.<\/p>\n<p>98% d&#8217;ingr\u00e9dients d&#8217;origine naturelle. Tout type de cheveux.<\/p>\n<p>Ce shampoing nourrissant et revitalisant est enrichir en huile d&#8217;argan, connue pour ses propri\u00e9t\u00e9s hydratantes protectrices et fortifiantes. Il nettoie en douceur le cuir chevelu et les cheveux, les laissant doux, brillants et faciles \u00e0 coiffer.<\/p>\n<p><strong>Mode d&#8217;emploi<\/strong> : Appliquer sur cheveux mouill\u00e9s, masser le cuir chevelu puis r\u00e9partir sur les longueurs, laisser agir quelques minutes puis rincer abondamment.<\/p>\n<p>&nbsp;<\/p>\n","protected":false},"excerpt":{"rendered":"<p>Shampoing \u00e0 l&#8217;huile d&#8217;Argan parfum\u00e9 \u00e0 la fleur d&#8217;oranger 200ml.<\/p>\n<p>98% d&#8217;ingr\u00e9dients d&#8217;origine naturelle. Tout type de cheveux.<\/p>\n<p>Ce shampoing nourrissant et revitalisant est enrichir en huile d&#8217;argan, connue pour ses propri\u00e9t\u00e9s hydratantes protectrices et fortifiantes. Il nettoie en douceur le cuir chevelu et les cheveux, les laissant doux, brillants et faciles \u00e0 coiffer.<\/p>\n","protected":false},"featured_media":11851,"template":"","meta":[],"product_brand":[],"product_cat":[194,195,192],"product_tag":[],"class_list":{"0":"post-11805","1":"product","2":"type-product","3":"status-publish","4":"has-post-thumbnail","6":"product_cat-cheveux","7":"product_cat-femme","8":"product_cat-homme","10":"first","11":"instock","12":"taxable","13":"shipping-taxable","14":"purchasable","15":"product-type-simple"},"aioseo_notices":[],"_links":{"self":[{"href":"https:\/\/www.handioasis.com\/en\/wp-json\/wp\/v2\/product\/11805","targetHints":{"allow":["GET"]}}],"collection":[{"href":"https:\/\/www.handioasis.com\/en\/wp-json\/wp\/v2\/product"}],"about":[{"href":"https:\/\/www.handioasis.com\/en\/wp-json\/wp\/v2\/types\/product"}],"wp:featuredmedia":[{"embeddable":true,"href":"https:\/\/www.handioasis.com\/en\/wp-json\/wp\/v2\/media\/11851"}],"wp:attachment":[{"href":"https:\/\/www.handioasis.com\/en\/wp-json\/wp\/v2\/media?parent=11805"}],"wp:term":[{"taxonomy":"product_brand","embeddable":true,"href":"https:\/\/www.handioasis.com\/en\/wp-json\/wp\/v2\/product_brand?post=11805"},{"taxonomy":"product_cat","embeddable":true,"href":"https:\/\/www.handioasis.com\/en\/wp-json\/wp\/v2\/product_cat?post=11805"},{"taxonomy":"product_tag","embeddable":true,"href":"https:\/\/www.handioasis.com\/en\/wp-json\/wp\/v2\/product_tag?post=11805"}],"curies":[{"name":"wp","href":"https:\/\/api.w.org\/{rel}","templated":true}]}}