{"id":11810,"date":"2025-11-07T11:39:21","date_gmt":"2025-11-07T10:39:21","guid":{"rendered":"https:\/\/www.handioasis.com\/?post_type=product&#038;p=11810"},"modified":"2025-11-07T12:18:26","modified_gmt":"2025-11-07T11:18:26","slug":"gel-douche-huile-dargan-parfum-jasmin-200ml","status":"publish","type":"product","link":"https:\/\/www.handioasis.com\/en\/produit\/gel-douche-huile-dargan-parfum-jasmin-200ml\/","title":{"rendered":"Gel douche huile d&#8217;argan parfum Jasmin 200ml"},"content":{"rendered":"<p>Gel douche Huile d&#8217;argan Jasmin 200ml.<\/p>\n<p>98% d&#8217;ingr\u00e9dients d&#8217;origine naturelle.<\/p>\n<p>Le gel douche \u00e0 l&#8217;huile d&#8217;argan est un soin lavant doux et nourrissant pour le corps, enrichi \u00e0 l&#8217;huile d&#8217;argan pure. Il est con\u00e7u pour tous les types de peau, m\u00eame les peaux sensibles.<\/p>\n<p><strong>Mode d&#8217;emploi<\/strong> : Appliquer le gel douche \u00e0 l&#8217;huile d&#8217;argan sur peau mouill\u00e9e, masser d\u00e9licatement jusqu&#8217;\u00e0 l&#8217;obtention d&#8217;une mousse onctueuse, puis rincer abondamment.<\/p>\n","protected":false},"excerpt":{"rendered":"<p>Gel douche Huile d&#8217;argan Jasmin 200ml.<\/p>\n<p>98% d&#8217;ingr\u00e9dients d&#8217;origine naturelle.<\/p>\n<p>Le gel douche \u00e0 l&#8217;huile d&#8217;argan est un soin lavant doux et nourrissant pour le corps, enrichi \u00e0 l&#8217;huile d&#8217;argan pure. Il est con\u00e7u pour tous les types de peau, m\u00eame les peaux sensibles.<\/p>\n","protected":false},"featured_media":11861,"template":"","meta":[],"product_brand":[],"product_cat":[197,195,192],"product_tag":[],"class_list":{"0":"post-11810","1":"product","2":"type-product","3":"status-publish","4":"has-post-thumbnail","6":"product_cat-corps","7":"product_cat-femme","8":"product_cat-homme","10":"first","11":"instock","12":"taxable","13":"shipping-taxable","14":"purchasable","15":"product-type-simple"},"aioseo_notices":[],"_links":{"self":[{"href":"https:\/\/www.handioasis.com\/en\/wp-json\/wp\/v2\/product\/11810","targetHints":{"allow":["GET"]}}],"collection":[{"href":"https:\/\/www.handioasis.com\/en\/wp-json\/wp\/v2\/product"}],"about":[{"href":"https:\/\/www.handioasis.com\/en\/wp-json\/wp\/v2\/types\/product"}],"wp:featuredmedia":[{"embeddable":true,"href":"https:\/\/www.handioasis.com\/en\/wp-json\/wp\/v2\/media\/11861"}],"wp:attachment":[{"href":"https:\/\/www.handioasis.com\/en\/wp-json\/wp\/v2\/media?parent=11810"}],"wp:term":[{"taxonomy":"product_brand","embeddable":true,"href":"https:\/\/www.handioasis.com\/en\/wp-json\/wp\/v2\/product_brand?post=11810"},{"taxonomy":"product_cat","embeddable":true,"href":"https:\/\/www.handioasis.com\/en\/wp-json\/wp\/v2\/product_cat?post=11810"},{"taxonomy":"product_tag","embeddable":true,"href":"https:\/\/www.handioasis.com\/en\/wp-json\/wp\/v2\/product_tag?post=11810"}],"curies":[{"name":"wp","href":"https:\/\/api.w.org\/{rel}","templated":true}]}}