{"id":11812,"date":"2025-11-07T11:39:21","date_gmt":"2025-11-07T10:39:21","guid":{"rendered":"https:\/\/www.handioasis.com\/?post_type=product&#038;p=11812"},"modified":"2025-11-07T12:18:04","modified_gmt":"2025-11-07T11:18:04","slug":"savon-noir-eucalyptus","status":"publish","type":"product","link":"https:\/\/www.handioasis.com\/en\/produit\/savon-noir-eucalyptus\/","title":{"rendered":"Savon Noir Eucalyptus"},"content":{"rendered":"<p>Savon noir Eucalyptus 100% naturel<\/p>\n<p>Fabriqu\u00e9 au Maroc.<\/p>\n<p>Le savon noir est utilis\u00e9 depuis des centaines d&#8217;ann\u00e9e lors du rituel du Hamman en gommage afin de nettoyer la peau en profondeur et \u00e9liminer toutes les peaux mortes.<\/p>\n<p>&nbsp;<\/p>\n","protected":false},"excerpt":{"rendered":"<p>Savon noir Eucalyptus 100% naturel Fabriqu\u00e9 au Maroc. Le savon noir est utilis\u00e9 depuis des centaines d&#8217;ann\u00e9e lors du rituel du Hamman en gommage afin de nettoyer la peau en profondeur et \u00e9liminer toutes les peaux mortes. &nbsp;<\/p>\n","protected":false},"featured_media":11865,"template":"","meta":[],"product_brand":[],"product_cat":[197,195,192,196],"product_tag":[],"class_list":{"0":"post-11812","1":"product","2":"type-product","3":"status-publish","4":"has-post-thumbnail","6":"product_cat-corps","7":"product_cat-femme","8":"product_cat-homme","9":"product_cat-soin-lavant","11":"first","12":"outofstock","13":"taxable","14":"shipping-taxable","15":"purchasable","16":"product-type-simple"},"aioseo_notices":[],"_links":{"self":[{"href":"https:\/\/www.handioasis.com\/en\/wp-json\/wp\/v2\/product\/11812","targetHints":{"allow":["GET"]}}],"collection":[{"href":"https:\/\/www.handioasis.com\/en\/wp-json\/wp\/v2\/product"}],"about":[{"href":"https:\/\/www.handioasis.com\/en\/wp-json\/wp\/v2\/types\/product"}],"wp:featuredmedia":[{"embeddable":true,"href":"https:\/\/www.handioasis.com\/en\/wp-json\/wp\/v2\/media\/11865"}],"wp:attachment":[{"href":"https:\/\/www.handioasis.com\/en\/wp-json\/wp\/v2\/media?parent=11812"}],"wp:term":[{"taxonomy":"product_brand","embeddable":true,"href":"https:\/\/www.handioasis.com\/en\/wp-json\/wp\/v2\/product_brand?post=11812"},{"taxonomy":"product_cat","embeddable":true,"href":"https:\/\/www.handioasis.com\/en\/wp-json\/wp\/v2\/product_cat?post=11812"},{"taxonomy":"product_tag","embeddable":true,"href":"https:\/\/www.handioasis.com\/en\/wp-json\/wp\/v2\/product_tag?post=11812"}],"curies":[{"name":"wp","href":"https:\/\/api.w.org\/{rel}","templated":true}]}}