{"id":11816,"date":"2025-11-07T11:39:22","date_gmt":"2025-11-07T10:39:22","guid":{"rendered":"https:\/\/www.handioasis.com\/?post_type=product&#038;p=11816"},"modified":"2025-11-12T12:25:18","modified_gmt":"2025-11-12T11:25:18","slug":"creme-hydratante-au-beurre-de-karite-fleur-doranger-100g","status":"publish","type":"product","link":"https:\/\/www.handioasis.com\/en\/produit\/creme-hydratante-au-beurre-de-karite-fleur-doranger-100g\/","title":{"rendered":"Cr\u00e8me hydratante au beurre de karit\u00e9 fleur d&#8217;oranger 100g"},"content":{"rendered":"<p>Cr\u00e8me hydratante au beurre de karit\u00e9 fleur d&#8217;oranger 100g.<\/p>\n<p>La cr\u00e8me hydratante au beurre de karit\u00e9 est un soin nourrissant et protecteur pour la peau du visage et du corps. Riche en beurre de karit\u00e9, elle hydrate en profondeur, nourrit intens\u00e9ment et prot\u00e8ge la peau des agressions ext\u00e9rieures.<\/p>\n<p><strong>Mode d&#8217;emploi<\/strong> : Appliquer la cr\u00e8me hydratante au beurre de karit\u00e9 sur une peau propre et s\u00e8che. Masser d\u00e9licatement jusqu&#8217;\u00e0 p\u00e9n\u00e9tration compl\u00e8te. Utiliser matin et soir pour un r\u00e9sultat optimal.<\/p>\n","protected":false},"excerpt":{"rendered":"<p>Cr\u00e8me hydratante au beurre de karit\u00e9 fleur d&#8217;oranger 100g.<\/p>\n<p>La cr\u00e8me hydratante au beurre de karit\u00e9 est un soin nourrissant et protecteur pour la peau du visage et du corps. Riche en beurre de karit\u00e9, elle hydrate en profondeur, nourrit intens\u00e9ment et prot\u00e8ge la peau des agressions ext\u00e9rieures.<\/p>\n","protected":false},"featured_media":11873,"template":"","meta":[],"product_brand":[],"product_cat":[197,193],"product_tag":[],"class_list":{"0":"post-11816","1":"product","2":"type-product","3":"status-publish","4":"has-post-thumbnail","6":"product_cat-corps","7":"product_cat-visage","9":"first","10":"instock","11":"taxable","12":"shipping-taxable","13":"purchasable","14":"product-type-simple"},"aioseo_notices":[],"_links":{"self":[{"href":"https:\/\/www.handioasis.com\/en\/wp-json\/wp\/v2\/product\/11816","targetHints":{"allow":["GET"]}}],"collection":[{"href":"https:\/\/www.handioasis.com\/en\/wp-json\/wp\/v2\/product"}],"about":[{"href":"https:\/\/www.handioasis.com\/en\/wp-json\/wp\/v2\/types\/product"}],"wp:featuredmedia":[{"embeddable":true,"href":"https:\/\/www.handioasis.com\/en\/wp-json\/wp\/v2\/media\/11873"}],"wp:attachment":[{"href":"https:\/\/www.handioasis.com\/en\/wp-json\/wp\/v2\/media?parent=11816"}],"wp:term":[{"taxonomy":"product_brand","embeddable":true,"href":"https:\/\/www.handioasis.com\/en\/wp-json\/wp\/v2\/product_brand?post=11816"},{"taxonomy":"product_cat","embeddable":true,"href":"https:\/\/www.handioasis.com\/en\/wp-json\/wp\/v2\/product_cat?post=11816"},{"taxonomy":"product_tag","embeddable":true,"href":"https:\/\/www.handioasis.com\/en\/wp-json\/wp\/v2\/product_tag?post=11816"}],"curies":[{"name":"wp","href":"https:\/\/api.w.org\/{rel}","templated":true}]}}