{"id":11819,"date":"2025-11-07T11:39:22","date_gmt":"2025-11-07T10:39:22","guid":{"rendered":"https:\/\/www.handioasis.com\/?post_type=product&#038;p=11819"},"modified":"2025-11-12T12:41:54","modified_gmt":"2025-11-12T11:41:54","slug":"gommage-graines-figue-de-barbarie-orchidee-100g","status":"publish","type":"product","link":"https:\/\/www.handioasis.com\/en\/produit\/gommage-graines-figue-de-barbarie-orchidee-100g\/","title":{"rendered":"Gommage Graines Figue de Barbarie Orchid\u00e9e 100g"},"content":{"rendered":"<p>Gommage aux graines de figue de Barbarie, parfum orchid\u00e9e, 100g.<\/p>\n<p>Ce gommage exfoliant pour le visage est formul\u00e9 \u00e0 base de graines de figue de barbarie broy\u00e9es, un ingr\u00e9dient naturel riche en antioxydants et en vitamines. Il permet d&#8217;\u00e9liminer en douceur les cellules mortes, les impuret\u00e9s et les points noirs, tout en laissant la peau douce, lisse et \u00e9clatante.<\/p>\n<p><strong>Mode d&#8217;emploi<\/strong> : Humidifier le visage \u00e0 l&#8217;eau ti\u00e8de. Pr\u00e9lever une noisette de gommage dans la paume de la main. Masser d\u00e9licatement le visage en mouvements circulaires, en \u00e9vitant le contour des yeux. Insister sur les zones \u00e0 points noirs, comme le nez et front. Rincer abondamment \u00e0 l&#8217;eau ti\u00e8de.<\/p>\n<p><strong>Inspiration<\/strong> : La figue de barbarie est un fruit sauvage qui pousse sur les cactus. On en trouve au Maroc en abondance mais \u00e9galement en Corse. L&#8217;huile des graines est aujourd&#8217;hui, une huile pr\u00e9cieuse en cosm\u00e9tique en raison de ses vertus.<\/p>\n","protected":false},"excerpt":{"rendered":"<p>Gommage aux graines de figue de Barbarie, parfum orchid\u00e9e.<\/p>\n<p>Ce gommage exfoliant pour le visage est formul\u00e9 \u00e0 base de graines de figue de barbarie broy\u00e9es, un ingr\u00e9dient naturel riche en antioxydants et en vitamines. Il permet d&#8217;\u00e9liminer en douceur les cellules mortes, les impuret\u00e9s et les points noirs, tout en laissant la peau douce, lisse et \u00e9clatante.<\/p>\n","protected":false},"featured_media":11880,"template":"","meta":[],"product_brand":[],"product_cat":[197],"product_tag":[],"class_list":{"0":"post-11819","1":"product","2":"type-product","3":"status-publish","4":"has-post-thumbnail","6":"product_cat-corps","8":"first","9":"instock","10":"taxable","11":"shipping-taxable","12":"purchasable","13":"product-type-simple"},"aioseo_notices":[],"_links":{"self":[{"href":"https:\/\/www.handioasis.com\/en\/wp-json\/wp\/v2\/product\/11819","targetHints":{"allow":["GET"]}}],"collection":[{"href":"https:\/\/www.handioasis.com\/en\/wp-json\/wp\/v2\/product"}],"about":[{"href":"https:\/\/www.handioasis.com\/en\/wp-json\/wp\/v2\/types\/product"}],"wp:featuredmedia":[{"embeddable":true,"href":"https:\/\/www.handioasis.com\/en\/wp-json\/wp\/v2\/media\/11880"}],"wp:attachment":[{"href":"https:\/\/www.handioasis.com\/en\/wp-json\/wp\/v2\/media?parent=11819"}],"wp:term":[{"taxonomy":"product_brand","embeddable":true,"href":"https:\/\/www.handioasis.com\/en\/wp-json\/wp\/v2\/product_brand?post=11819"},{"taxonomy":"product_cat","embeddable":true,"href":"https:\/\/www.handioasis.com\/en\/wp-json\/wp\/v2\/product_cat?post=11819"},{"taxonomy":"product_tag","embeddable":true,"href":"https:\/\/www.handioasis.com\/en\/wp-json\/wp\/v2\/product_tag?post=11819"}],"curies":[{"name":"wp","href":"https:\/\/api.w.org\/{rel}","templated":true}]}}