{"id":11821,"date":"2025-11-07T11:39:22","date_gmt":"2025-11-07T10:39:22","guid":{"rendered":"https:\/\/www.handioasis.com\/?post_type=product&#038;p=11821"},"modified":"2025-11-12T12:27:12","modified_gmt":"2025-11-12T11:27:12","slug":"creme-de-nuit-regenerante-fleur-doranger","status":"publish","type":"product","link":"https:\/\/www.handioasis.com\/en\/produit\/creme-de-nuit-regenerante-fleur-doranger\/","title":{"rendered":"Cr\u00e8me de nuit r\u00e9g\u00e9n\u00e9rante Fleur d&#8217;Oranger"},"content":{"rendered":"<p>Cr\u00e8me de nuit r\u00e9g\u00e9n\u00e9rante parfum Fleur d&#8217;oranger 50g.<\/p>\n<p>La Cr\u00e8me de nuit est formul\u00e9e \u00e0 base d&#8217;acide hyaluronique et huile de figue de barbarie, deux ingr\u00e9dients naturels aux propri\u00e9t\u00e9s exceptionnelles pour la peau, L&#8217;acide hyaluronique hydrate la peau en profondeur, repulpe les rides, tandis que l&#8217;huile de figue de barbarie nourrit, r\u00e9g\u00e9n\u00e8re et prot\u00e8ge la peau.<\/p>\n<p>Mode d&#8217;emploi : Appliquer g\u00e9n\u00e9reusement sur le visage et le cou chaque soir apr\u00e8s avoir nettoy\u00e9 et s\u00e9ch\u00e9 la peau. Masser d\u00e9licatement jusqu&#8217;\u00e0 compl\u00e8te absorption. Laisser agir toute la nuit.<\/p>\n","protected":false},"excerpt":{"rendered":"<p>Cr\u00e8me de nuit r\u00e9g\u00e9n\u00e9rante parfum Fleur d&#8217;oranger.<\/p>\n<p>La Cr\u00e8me de nuit est formul\u00e9e \u00e0 base d&#8217;acide hyaluronique et huile de figue de barbarie, deux ingr\u00e9dients naturels aux propri\u00e9t\u00e9s exceptionnelles pour la peau, L&#8217;acide hyaluronique hydrate la peau en profondeur, repulpe les rides, tandis que l&#8217;huile de figue de barbarie nourrit, r\u00e9g\u00e9n\u00e8re et prot\u00e8ge la peau.<\/p>\n","protected":false},"featured_media":11884,"template":"","meta":[],"product_brand":[],"product_cat":[193],"product_tag":[],"class_list":{"0":"post-11821","1":"product","2":"type-product","3":"status-publish","4":"has-post-thumbnail","6":"product_cat-visage","8":"first","9":"instock","10":"featured","11":"taxable","12":"shipping-taxable","13":"purchasable","14":"product-type-simple"},"aioseo_notices":[],"_links":{"self":[{"href":"https:\/\/www.handioasis.com\/en\/wp-json\/wp\/v2\/product\/11821","targetHints":{"allow":["GET"]}}],"collection":[{"href":"https:\/\/www.handioasis.com\/en\/wp-json\/wp\/v2\/product"}],"about":[{"href":"https:\/\/www.handioasis.com\/en\/wp-json\/wp\/v2\/types\/product"}],"wp:featuredmedia":[{"embeddable":true,"href":"https:\/\/www.handioasis.com\/en\/wp-json\/wp\/v2\/media\/11884"}],"wp:attachment":[{"href":"https:\/\/www.handioasis.com\/en\/wp-json\/wp\/v2\/media?parent=11821"}],"wp:term":[{"taxonomy":"product_brand","embeddable":true,"href":"https:\/\/www.handioasis.com\/en\/wp-json\/wp\/v2\/product_brand?post=11821"},{"taxonomy":"product_cat","embeddable":true,"href":"https:\/\/www.handioasis.com\/en\/wp-json\/wp\/v2\/product_cat?post=11821"},{"taxonomy":"product_tag","embeddable":true,"href":"https:\/\/www.handioasis.com\/en\/wp-json\/wp\/v2\/product_tag?post=11821"}],"curies":[{"name":"wp","href":"https:\/\/api.w.org\/{rel}","templated":true}]}}