{"id":11823,"date":"2025-11-07T11:39:22","date_gmt":"2025-11-07T10:39:22","guid":{"rendered":"https:\/\/www.handioasis.com\/?post_type=product&#038;p=11823"},"modified":"2025-11-07T12:16:30","modified_gmt":"2025-11-07T11:16:30","slug":"eau-de-fleur-doranger","status":"publish","type":"product","link":"https:\/\/www.handioasis.com\/en\/produit\/eau-de-fleur-doranger\/","title":{"rendered":"Eau de fleur d&#8217;oranger"},"content":{"rendered":"<p>Eau de fleur d&#8217;oranger 200ml<\/p>\n<p>100% naturel, l&#8217;eau de fleur d&#8217;oranger parfume agr\u00e9ablement vos v\u00eatements, vos armoires, vos int\u00e9rieurs.<\/p>\n","protected":false},"excerpt":{"rendered":"<p>Eau de fleur d&#8217;oranger 200ml 100% naturel, l&#8217;eau de fleur d&#8217;oranger parfume agr\u00e9ablement vos v\u00eatements, vos armoires, vos int\u00e9rieurs.<\/p>\n","protected":false},"featured_media":11888,"template":"","meta":[],"product_brand":[],"product_cat":[61],"product_tag":[],"class_list":{"0":"post-11823","1":"product","2":"type-product","3":"status-publish","4":"has-post-thumbnail","6":"product_cat-non-classe","8":"first","9":"outofstock","10":"taxable","11":"shipping-taxable","12":"purchasable","13":"product-type-simple"},"aioseo_notices":[],"_links":{"self":[{"href":"https:\/\/www.handioasis.com\/en\/wp-json\/wp\/v2\/product\/11823","targetHints":{"allow":["GET"]}}],"collection":[{"href":"https:\/\/www.handioasis.com\/en\/wp-json\/wp\/v2\/product"}],"about":[{"href":"https:\/\/www.handioasis.com\/en\/wp-json\/wp\/v2\/types\/product"}],"wp:featuredmedia":[{"embeddable":true,"href":"https:\/\/www.handioasis.com\/en\/wp-json\/wp\/v2\/media\/11888"}],"wp:attachment":[{"href":"https:\/\/www.handioasis.com\/en\/wp-json\/wp\/v2\/media?parent=11823"}],"wp:term":[{"taxonomy":"product_brand","embeddable":true,"href":"https:\/\/www.handioasis.com\/en\/wp-json\/wp\/v2\/product_brand?post=11823"},{"taxonomy":"product_cat","embeddable":true,"href":"https:\/\/www.handioasis.com\/en\/wp-json\/wp\/v2\/product_cat?post=11823"},{"taxonomy":"product_tag","embeddable":true,"href":"https:\/\/www.handioasis.com\/en\/wp-json\/wp\/v2\/product_tag?post=11823"}],"curies":[{"name":"wp","href":"https:\/\/api.w.org\/{rel}","templated":true}]}}