{"id":11848,"date":"2025-11-07T11:41:42","date_gmt":"2025-11-07T10:41:42","guid":{"rendered":"https:\/\/www.handioasis.com\/?post_type=product&#038;p=11848"},"modified":"2025-11-12T12:29:02","modified_gmt":"2025-11-12T11:29:02","slug":"huile-dargan","status":"publish","type":"product","link":"https:\/\/www.handioasis.com\/en\/produit\/huile-dargan\/","title":{"rendered":"Huile d&#8217;Argan"},"content":{"rendered":"<p>Huile d&#8217;argan 100% naturelle et biologique, en flacon de 100ml avec pipette, produit au Maroc.<\/p>\n<p>Notre Huile d&#8217;argan biologique s&#8217;utilise au quotidien pour hydrater et nourrir la peau. L&#8217;huile d&#8217;Argan s&#8217;utilise aussi bien sur le visage, le corps et les cheveux en utilisation quotidienne. Elle est \u00e9galement tr\u00e8s efficace sur les cicatrices, les peaux irrit\u00e9s ou abim\u00e9s.<\/p>\n<p>Nous la recommandons particuli\u00e8rement pour redonner de l&#8217;\u00e9lasticit\u00e9 \u00e0 des zones de la peaux soumises aux frottements pour certains handicap.<\/p>\n<p>Les bienfaits de l&#8217;huile d&#8217;argan sont nombreux, son usage est simple, notre huile de qualit\u00e9 premium est vite absorb\u00e9 par la peau, elle ne laisse pas de sensation de gras sur la peau contrairement aux huiles de mauvaise qualit\u00e9 que vous pouvez trouver au souk par exemple.<\/p>\n<p>En achetant cette huile d&#8217;argan YOOLA Cosmetics, vous contribuez directement \u00e0 l&#8217;envoi de mat\u00e9riel m\u00e9dical au Maroc.<\/p>\n","protected":false},"excerpt":{"rendered":"<p>Huile d&#8217;argan 100% naturelle et biologique, en flacon de 100ml avec pipette, produit au Maroc.<\/p>\n<p>Notre Huile d&#8217;argan biologique s&#8217;utilise au quotidien pour hydrater et nourrir la peau. L&#8217;huile d&#8217;Argan s&#8217;utilise aussi bien sur le visage, le corps et les cheveux en utilisation quotidienne. Elle est \u00e9galement tr\u00e8s efficace sur les cicatrices, les peaux irrit\u00e9s ou abim\u00e9s.<\/p>\n","protected":false},"featured_media":11906,"template":"","meta":[],"product_brand":[],"product_cat":[194,197],"product_tag":[],"class_list":{"0":"post-11848","1":"product","2":"type-product","3":"status-publish","4":"has-post-thumbnail","6":"product_cat-cheveux","7":"product_cat-corps","9":"first","10":"instock","11":"featured","12":"taxable","13":"shipping-taxable","14":"purchasable","15":"product-type-simple"},"aioseo_notices":[],"_links":{"self":[{"href":"https:\/\/www.handioasis.com\/en\/wp-json\/wp\/v2\/product\/11848","targetHints":{"allow":["GET"]}}],"collection":[{"href":"https:\/\/www.handioasis.com\/en\/wp-json\/wp\/v2\/product"}],"about":[{"href":"https:\/\/www.handioasis.com\/en\/wp-json\/wp\/v2\/types\/product"}],"wp:featuredmedia":[{"embeddable":true,"href":"https:\/\/www.handioasis.com\/en\/wp-json\/wp\/v2\/media\/11906"}],"wp:attachment":[{"href":"https:\/\/www.handioasis.com\/en\/wp-json\/wp\/v2\/media?parent=11848"}],"wp:term":[{"taxonomy":"product_brand","embeddable":true,"href":"https:\/\/www.handioasis.com\/en\/wp-json\/wp\/v2\/product_brand?post=11848"},{"taxonomy":"product_cat","embeddable":true,"href":"https:\/\/www.handioasis.com\/en\/wp-json\/wp\/v2\/product_cat?post=11848"},{"taxonomy":"product_tag","embeddable":true,"href":"https:\/\/www.handioasis.com\/en\/wp-json\/wp\/v2\/product_tag?post=11848"}],"curies":[{"name":"wp","href":"https:\/\/api.w.org\/{rel}","templated":true}]}}