{"id":11850,"date":"2025-11-07T11:41:43","date_gmt":"2025-11-07T10:41:43","guid":{"rendered":"https:\/\/www.handioasis.com\/?post_type=product&#038;p=11850"},"modified":"2025-11-07T11:44:14","modified_gmt":"2025-11-07T10:44:14","slug":"cadeau-soin-pour-femme","status":"publish","type":"product","link":"https:\/\/www.handioasis.com\/en\/produit\/cadeau-soin-pour-femme\/","title":{"rendered":"Cadeau soin pour Femme"},"content":{"rendered":"<p>Offrez un cadeau YOOLA Cosmetics aux notes de Fleur d&#8217;oranger.<\/p>\n<p>Notre Coffret cadeau pour femme comprend :<\/p>\n<ul>\n<li>Shampoing \u00e0 l&#8217;huile d&#8217;argan \u00e0 la fleur d&#8217;oranger 200ml<\/li>\n<li>Cr\u00e8me de nuit r\u00e9g\u00e9n\u00e9rante \u00e0 la fleur d&#8217;oranger 50g<\/li>\n<li>Cr\u00e8me anti-\u00e2ge \u00e0 la fleur d&#8217;oranger 50g<\/li>\n<\/ul>\n<p>&nbsp;<\/p>\n","protected":false},"excerpt":{"rendered":"<p>Offrez un cadeau YOOLA Cosmetics aux notes de Fleur d&#8217;oranger.<\/p>\n<p>Notre Coffret cadeau pour femme comprend :<\/p>\n<ul>\n<li>Shampoing \u00e0 l&#8217;huile d&#8217;argan \u00e0 la fleur d&#8217;oranger 200ml<\/li>\n<li>Cr\u00e8me de nuit r\u00e9g\u00e9n\u00e9rante \u00e0 la fleur d&#8217;oranger 50g<\/li>\n<li>Cr\u00e8me anti-\u00e2ge \u00e0 la fleur d&#8217;oranger 50g<\/li>\n<\/ul>\n","protected":false},"featured_media":11914,"template":"","meta":[],"product_brand":[],"product_cat":[199,195],"product_tag":[],"class_list":{"0":"post-11850","1":"product","2":"type-product","3":"status-publish","4":"has-post-thumbnail","6":"product_cat-coffrets-cadeaux","7":"product_cat-femme","9":"first","10":"instock","11":"taxable","12":"shipping-taxable","13":"purchasable","14":"product-type-simple"},"aioseo_notices":[],"_links":{"self":[{"href":"https:\/\/www.handioasis.com\/en\/wp-json\/wp\/v2\/product\/11850","targetHints":{"allow":["GET"]}}],"collection":[{"href":"https:\/\/www.handioasis.com\/en\/wp-json\/wp\/v2\/product"}],"about":[{"href":"https:\/\/www.handioasis.com\/en\/wp-json\/wp\/v2\/types\/product"}],"wp:featuredmedia":[{"embeddable":true,"href":"https:\/\/www.handioasis.com\/en\/wp-json\/wp\/v2\/media\/11914"}],"wp:attachment":[{"href":"https:\/\/www.handioasis.com\/en\/wp-json\/wp\/v2\/media?parent=11850"}],"wp:term":[{"taxonomy":"product_brand","embeddable":true,"href":"https:\/\/www.handioasis.com\/en\/wp-json\/wp\/v2\/product_brand?post=11850"},{"taxonomy":"product_cat","embeddable":true,"href":"https:\/\/www.handioasis.com\/en\/wp-json\/wp\/v2\/product_cat?post=11850"},{"taxonomy":"product_tag","embeddable":true,"href":"https:\/\/www.handioasis.com\/en\/wp-json\/wp\/v2\/product_tag?post=11850"}],"curies":[{"name":"wp","href":"https:\/\/api.w.org\/{rel}","templated":true}]}}