{"id":11875,"date":"2025-11-07T11:42:06","date_gmt":"2025-11-07T10:42:06","guid":{"rendered":"https:\/\/www.handioasis.com\/?post_type=product&#038;p=11875"},"modified":"2025-11-07T11:44:15","modified_gmt":"2025-11-07T10:44:15","slug":"coffret-cadeau-femme","status":"publish","type":"product","link":"https:\/\/www.handioasis.com\/en\/produit\/coffret-cadeau-femme\/","title":{"rendered":"Coffret cadeau Femme"},"content":{"rendered":"<p>Offrez un coffret cadeau YOOLA Cosmectics pour femme avec nos meilleurs produits.<\/p>\n<p>Notre coffret cadeau homme comprend :<\/p>\n<ul>\n<li>Huile d&#8217;argan Bio 100ml<\/li>\n<li>Cr\u00e8me de\u00a0 nuit r\u00e9g\u00e9n\u00e9rante Fleur d&#8217;oranger 50g<\/li>\n<li>Cr\u00e8me anti-\u00e2ge Fleur d&#8217;oranger 50g<\/li>\n<li>Une bougie de massage parfum\u00e9e \u00e0 l&#8217;huile d&#8217;argan et fleur d&#8217;oranger<\/li>\n<\/ul>\n<p>Le coffret id\u00e9al pour faire plaisir avec des produits cosm\u00e9tiques naturels<\/p>\n<p>Gr\u00e2ce \u00e0 ce coffret vous financer l&#8217;envoi de mat\u00e9riel m\u00e9dical au Maroc<\/p>\n<p>Vous avez du mat\u00e9riel m\u00e9dical \u00e0 donner ? nous collectons le mat\u00e9riel m\u00e9dical afin de le redistribuer au Maroc.<\/p>\n","protected":false},"excerpt":{"rendered":"<p>Offrez un coffret cadeau YOOLA Cosmectics pour lui prendre soin lui.<\/p>\n<p>Notre coffret cadeau homme comprend :<\/p>\n<ul>\n<li>Un Lait corporel \u00e0 l&#8217;huile d&#8217;argan Ambre Musc 200ml<\/li>\n<li>Un nettoyant visage purifiant parfum Musc 00ml<\/li>\n<li>Une huile \u00e0 barbe\u00a0 50ml<\/li>\n<li>Une bougie de massage parfum\u00e9e<\/li>\n<\/ul>\n","protected":false},"featured_media":11916,"template":"","meta":[],"product_brand":[],"product_cat":[199,192],"product_tag":[],"class_list":{"0":"post-11875","1":"product","2":"type-product","3":"status-publish","4":"has-post-thumbnail","6":"product_cat-coffrets-cadeaux","7":"product_cat-homme","9":"first","10":"instock","11":"taxable","12":"shipping-taxable","13":"purchasable","14":"product-type-simple"},"aioseo_notices":[],"_links":{"self":[{"href":"https:\/\/www.handioasis.com\/en\/wp-json\/wp\/v2\/product\/11875","targetHints":{"allow":["GET"]}}],"collection":[{"href":"https:\/\/www.handioasis.com\/en\/wp-json\/wp\/v2\/product"}],"about":[{"href":"https:\/\/www.handioasis.com\/en\/wp-json\/wp\/v2\/types\/product"}],"wp:featuredmedia":[{"embeddable":true,"href":"https:\/\/www.handioasis.com\/en\/wp-json\/wp\/v2\/media\/11916"}],"wp:attachment":[{"href":"https:\/\/www.handioasis.com\/en\/wp-json\/wp\/v2\/media?parent=11875"}],"wp:term":[{"taxonomy":"product_brand","embeddable":true,"href":"https:\/\/www.handioasis.com\/en\/wp-json\/wp\/v2\/product_brand?post=11875"},{"taxonomy":"product_cat","embeddable":true,"href":"https:\/\/www.handioasis.com\/en\/wp-json\/wp\/v2\/product_cat?post=11875"},{"taxonomy":"product_tag","embeddable":true,"href":"https:\/\/www.handioasis.com\/en\/wp-json\/wp\/v2\/product_tag?post=11875"}],"curies":[{"name":"wp","href":"https:\/\/api.w.org\/{rel}","templated":true}]}}